{"id":93,"date":"2011-03-21T22:07:49","date_gmt":"2011-03-21T21:07:49","guid":{"rendered":"http:\/\/www.dachelhofen.de\/wordpress\/?page_id=93"},"modified":"2018-05-22T16:33:58","modified_gmt":"2018-05-22T15:33:58","slug":"webmaster","status":"publish","type":"page","link":"https:\/\/www.dachelhofen.de\/?page_id=93","title":{"rendered":"Rechtliche Hinweise \/ Datenschutzerkl\u00e4rung"},"content":{"rendered":"<h1 style=\"text-align: center;\">Rechtliche Hinweise und Haftungsausschluss<\/h1>\n<blockquote>\n<p style=\"text-align: left;\">Diese Website, einschlie\u00dflich des zugrunde liegenden Computerprogrammes, der Fotografien, Grafiken und Artikel, wird durch das Gesetz \u00fcber Urheberrecht und verwandte Schutzrechte gesch\u00fctzt.<br \/>\nDie unerlaubte Vervielf\u00e4ltigung selbst einzelner Seiten oder Teile einzelner Seiten, wie Fotografien oder Grafiken, ist grunds\u00e4tzlich strafbar (\u00a7 106 UrhG) und kann Schadensersatzanspr\u00fcche ausl\u00f6sen (\u00a7 97 UrhG).<br \/>\nInnerhalb des Internetangebots der Tennisabteilung des TuS Dachelhofen befinden sich an mehreren Stellen Links zu externen Seiten anderer Anbieter, f\u00fcr deren Inhalte und Gestaltung die Tennisabteilung des TuS Dachelhofen keinerlei Verantwortung \u00fcbernimmt. Weitere Informationen entnehmen Sie bitte folgendem Disclaimer (<a href=\"http:\/\/www.disclaimer.de\/disclaimer.htm\">Haftungsausschluss<\/a>).<\/p>\n<p>Bei Fragen zu den Inhalten wenden Sie sich bitte an den <a href=\"mailto:webmaster@dachelhofen.de\">Webmaster<\/a>.<\/p><\/blockquote>\n<h1><strong>Allgemeine Datenschutzerkl\u00e4rung<\/strong><\/h1>\n<blockquote><p>Durch die Nutzung unserer Website erkl\u00e4ren Sie sich mit der Erhebung, Verarbeitung und Nutzung von Daten gem\u00e4\u00df der nachfolgenden Beschreibung einverstanden. Unsere Website kann grunds\u00e4tzlich ohne Registrierung besucht werden. Dabei werden Daten wie beispielsweise aufgerufene Seiten bzw. Namen der abgerufenen Datei, Datum und Uhrzeit zu statistischen Zwecken auf dem Server gespeichert, ohne dass diese Daten unmittelbar auf Ihre Person bezogen werden. Personenbezogene Daten, insbesondere Name, Adresse oder E-Mail-Adresse werden soweit m\u00f6glich auf freiwilliger Basis erhoben. Ohne Ihre Einwilligung erfolgt keine Weitergabe der Daten an Dritte.<\/p><\/blockquote>\n<h1><strong>Datenschutzerkl\u00e4rung f\u00fcr Cookies<\/strong><\/h1>\n<blockquote><p>Unsere Website verwendet Cookies. Das sind kleine Textdateien, die es m\u00f6glich machen, auf dem Endger\u00e4t des Nutzers spezifische, auf den Nutzer bezogene Informationen zu speichern, w\u00e4hrend er die Website nutzt. Cookies erm\u00f6glichen es, insbesondere Nutzungsh\u00e4ufigkeit und Nutzeranzahl der Seiten zu ermitteln, Verhaltensweisen der Seitennutzung zu analysieren, aber auch unser Angebot kundenfreundlicher zu gestalten. Cookies bleiben \u00fcber das Ende einer Browser-Sitzung gespeichert und k\u00f6nnen bei einem erneuten Seitenbesuch wieder aufgerufen werden. Wenn Sie das nicht w\u00fcnschen, sollten Sie Ihren Internetbrowser so einstellen, dass er die Annahme von Cookies verweigert.<\/p>\n<p>Quelle:\u00a0<a href=\"https:\/\/www.anwalt.de\/vorlage\/muster-datenschutzerklaerung.php\">Muster-Datenschutzerkl\u00e4rung von anwalt.de<\/a><\/p><\/blockquote>\n","protected":false},"excerpt":{"rendered":"<p>Rechtliche Hinweise und Haftungsausschluss Diese Website, einschlie\u00dflich des zugrunde liegenden Computerprogrammes, der Fotografien, Grafiken und Artikel, wird durch das Gesetz \u00fcber Urheberrecht und verwandte Schutzrechte gesch\u00fctzt. Die unerlaubte Vervielf\u00e4ltigung selbst einzelner Seiten oder Teile einzelner Seiten, wie Fotografien oder Grafiken, ist grunds\u00e4tzlich strafbar (\u00a7 106 UrhG) und kann Schadensersatzanspr\u00fcche ausl\u00f6sen (\u00a7 97 UrhG). Innerhalb des &hellip; <a href=\"https:\/\/www.dachelhofen.de\/?page_id=93\" class=\"more-link\"><span class=\"screen-reader-text\">Rechtliche Hinweise \/ Datenschutzerkl\u00e4rung<\/span> weiterlesen <span class=\"meta-nav\">&rarr;<\/span><\/a><\/p>\n","protected":false},"author":1,"featured_media":0,"parent":0,"menu_order":0,"comment_status":"closed","ping_status":"closed","template":"","meta":{"footnotes":""},"class_list":["post-93","page","type-page","status-publish","hentry"],"_links":{"self":[{"href":"https:\/\/www.dachelhofen.de\/index.php?rest_route=\/wp\/v2\/pages\/93","targetHints":{"allow":["GET"]}}],"collection":[{"href":"https:\/\/www.dachelhofen.de\/index.php?rest_route=\/wp\/v2\/pages"}],"about":[{"href":"https:\/\/www.dachelhofen.de\/index.php?rest_route=\/wp\/v2\/types\/page"}],"author":[{"embeddable":true,"href":"https:\/\/www.dachelhofen.de\/index.php?rest_route=\/wp\/v2\/users\/1"}],"replies":[{"embeddable":true,"href":"https:\/\/www.dachelhofen.de\/index.php?rest_route=%2Fwp%2Fv2%2Fcomments&post=93"}],"version-history":[{"count":12,"href":"https:\/\/www.dachelhofen.de\/index.php?rest_route=\/wp\/v2\/pages\/93\/revisions"}],"predecessor-version":[{"id":962,"href":"https:\/\/www.dachelhofen.de\/index.php?rest_route=\/wp\/v2\/pages\/93\/revisions\/962"}],"wp:attachment":[{"href":"https:\/\/www.dachelhofen.de\/index.php?rest_route=%2Fwp%2Fv2%2Fmedia&parent=93"}],"curies":[{"name":"wp","href":"https:\/\/api.w.org\/{rel}","templated":true}]}}